{"id":3961,"date":"2025-09-04T11:38:09","date_gmt":"2025-09-04T09:38:09","guid":{"rendered":"https:\/\/acsl.be\/?page_id=3961"},"modified":"2026-04-17T15:51:26","modified_gmt":"2026-04-17T13:51:26","slug":"publication-des-attributions-de-logement","status":"publish","type":"page","link":"https:\/\/acsl.be\/?page_id=3961","title":{"rendered":"Publication des attributions de logement"},"content":{"rendered":"<p>Conform\u00e9ment \u00e0 l\u2019article 4 de l\u2019arr\u00eat\u00e9 du 6 septembre 2007 relatif \u00e0 la location des logements g\u00e9r\u00e9s par la Soci\u00e9t\u00e9 wallonne du Logement ou par les soci\u00e9t\u00e9s de logement de service public, veuillez trouver ci-dessous la publication des attributions de logement.<\/p>\n<p><iframe loading=\"lazy\" src=\"https:\/\/acsl.be\/wp-content\/uploads\/2026\/04\/2026.04.17-Publication-attribs.pdf\" width=\"1080\" height=\"500\" align=\"middle\"><span data-mce-type=\"bookmark\" style=\"display: inline-block; width: 0px; overflow: hidden; line-height: 0;\" class=\"mce_SELRES_start\">\ufeff<\/span><span data-mce-type=\"bookmark\" style=\"display: inline-block; width: 0px; overflow: hidden; line-height: 0;\" class=\"mce_SELRES_start\">\ufeff<\/span><span data-mce-type=\"bookmark\" style=\"display: inline-block; width: 0px; overflow: hidden; line-height: 0;\" class=\"mce_SELRES_start\">\ufeff<\/span><span data-mce-type=\"bookmark\" style=\"display: inline-block; width: 0px; overflow: hidden; line-height: 0;\" class=\"mce_SELRES_start\"><span data-mce-type=\"bookmark\" style=\"display: inline-block; width: 0px; overflow: hidden; line-height: 0;\" class=\"mce_SELRES_start\">\ufeff<\/span>\ufeff<\/span><\/iframe><\/p>\n","protected":false},"excerpt":{"rendered":"<p>Conform\u00e9ment \u00e0 l\u2019article 4 de l\u2019arr\u00eat\u00e9 du 6 septembre 2007 relatif \u00e0 la location des logements g\u00e9r\u00e9s par la Soci\u00e9t\u00e9 wallonne du Logement ou par les soci\u00e9t\u00e9s de logement de service public, veuillez trouver ci-dessous la publication des attributions de logement. \ufeff\ufeff\ufeff\ufeff\ufeff<\/p>\n","protected":false},"author":3,"featured_media":0,"parent":2593,"menu_order":0,"comment_status":"closed","ping_status":"closed","template":"page-fullwidth.php","meta":{"footnotes":""},"class_list":["post-3961","page","type-page","status-publish","hentry"],"_links":{"self":[{"href":"https:\/\/acsl.be\/index.php?rest_route=\/wp\/v2\/pages\/3961","targetHints":{"allow":["GET"]}}],"collection":[{"href":"https:\/\/acsl.be\/index.php?rest_route=\/wp\/v2\/pages"}],"about":[{"href":"https:\/\/acsl.be\/index.php?rest_route=\/wp\/v2\/types\/page"}],"author":[{"embeddable":true,"href":"https:\/\/acsl.be\/index.php?rest_route=\/wp\/v2\/users\/3"}],"replies":[{"embeddable":true,"href":"https:\/\/acsl.be\/index.php?rest_route=%2Fwp%2Fv2%2Fcomments&post=3961"}],"version-history":[{"count":16,"href":"https:\/\/acsl.be\/index.php?rest_route=\/wp\/v2\/pages\/3961\/revisions"}],"predecessor-version":[{"id":4090,"href":"https:\/\/acsl.be\/index.php?rest_route=\/wp\/v2\/pages\/3961\/revisions\/4090"}],"up":[{"embeddable":true,"href":"https:\/\/acsl.be\/index.php?rest_route=\/wp\/v2\/pages\/2593"}],"wp:attachment":[{"href":"https:\/\/acsl.be\/index.php?rest_route=%2Fwp%2Fv2%2Fmedia&parent=3961"}],"curies":[{"name":"wp","href":"https:\/\/api.w.org\/{rel}","templated":true}]}}