{"id":2699,"date":"2018-07-19T07:45:08","date_gmt":"2018-07-19T05:45:08","guid":{"rendered":"https:\/\/www.acsl.be\/?page_id=2699"},"modified":"2026-04-14T14:58:16","modified_gmt":"2026-04-14T12:58:16","slug":"vie-privee","status":"publish","type":"page","link":"https:\/\/acsl.be\/?page_id=2699","title":{"rendered":"Vie priv\u00e9e et bonne gouvernance"},"content":{"rendered":"<h4 style=\"text-align: left;\"><strong>Principes relatifs \u00e0 la collecte de donn\u00e9es \u00e0 caract\u00e8re personnel<\/strong><\/h4>\n<p style=\"text-align: left;\">L\u2019acc\u00e8s aux informations disponibles sur le site s\u2019op\u00e8re sans devoir fournir des donn\u00e9es \u00e0 caract\u00e8re personnel, telles que le nom, l\u2019adresse postale, le num\u00e9ro de t\u00e9l\u00e9phone et l\u2019adresse de courrier \u00e9lectronique.<\/p>\n<h4 style=\"text-align: left;\"><strong>Responsable des traitements<\/strong><\/h4>\n<p style=\"text-align: left;\">Le responsable des traitements de donn\u00e9es \u00e0 caract\u00e8re personnel se rapportant au pr\u00e9sent site est Monsieur J. PAQUET, Directeur G\u00e9rant. Toute demande ou question relative \u00e0 la protection de la vie priv\u00e9e sur le site peut \u00eatre pos\u00e9e aux D\u00e9l\u00e9gu\u00e9 \u00e0 la Protection des Donn\u00e9es de A Chacun Son Logis ( ACSL) \u00e0 l\u2019adresse mail suivante <a href=\"mailto:dpo@acsl.be\">dpo@acsl.be<\/a> ou par courrier \u00e0 l\u2019adresse : ACSL, rue de l\u2019Yser 93 \u00e0 6183 Trazegnies.<\/p>\n<h4 style=\"text-align: left;\"><strong>Utilisation \u00e0 des fins statistiques d\u2019informations relatives \u00e0 la navigation<\/strong><\/h4>\n<p style=\"text-align: left;\">Lorsque vous acc\u00e9dez au site, les serveurs consult\u00e9s collectent automatiquement les donn\u00e9es suivantes :<\/p>\n<p style=\"text-align: left;\">\u2666 l\u2019adresse IP qui vous est attribu\u00e9e lors de votre connexion,<br \/>\n\u2666 la date et l\u2019heure d\u2019acc\u00e8s au site,<br \/>\n\u2666 les pages consult\u00e9es,<br \/>\n\u2666 le type de navigateur (browser) utilis\u00e9,<br \/>\n\u2666 la plate-forme et\/ou le syst\u00e8me d\u2019exploitation install\u00e9 sur le PC,<br \/>\n\u2666 le moteur de recherche ainsi que les mots-cl\u00e9s utilis\u00e9s pour retrouver le site portail les fichiers t\u00e9l\u00e9charg\u00e9s.<\/p>\n<p style=\"text-align: left;\">Ces informations ne sont conserv\u00e9es qu\u2019\u00e0 la seule fin de mesurer le nombre de visiteurs dans les diff\u00e9rentes sections du site portail et d\u2019y apporter des am\u00e9liorations.<\/p>\n<h4 style=\"text-align: left;\"><strong>Utilisation de cookies<\/strong><\/h4>\n<p style=\"text-align: left;\">Dans le but de faciliter votre navigation sur le site ainsi que d\u2019optimaliser la gestion technique, ce site\u00a0peut \u00eatre occasionnellement amen\u00e9 \u00e0 utiliser des \u201ccookies\u201d. Un \u201ccookie\u201d est une petite pi\u00e8ce d\u2019information sauvegard\u00e9e par un site web au sein du navigateur Internet de votre ordinateur. Ce \u201ccookie\u201d peut \u00eatre r\u00e9cup\u00e9r\u00e9 lors d\u2019une visite ult\u00e9rieure sur ce m\u00eame site. Le \u201ccookie\u201d ne peut \u00eatre lu par un autre site web que celui qui l\u2019a cr\u00e9\u00e9. Le pr\u00e9sent site utilise les \u201ccookies\u201d \u00e0 des fins administratives pour, par exemple, enregistrer vos pr\u00e9f\u00e9rences pour certains types d\u2019informations, ce qui vous \u00e9vitera de devoir r\u00e9p\u00e9ter les m\u00eames saisies au clavier lors de chaque visite sur le site. La plupart des \u201ccookies\u201d ne fonctionnent que le temps d\u2019une session ou visite. Aucun d\u2019entre eux ne contient d\u2019informations vous rendant susceptible de pouvoir \u00eatre contact\u00e9 par t\u00e9l\u00e9phone, courrier \u00e9lectronique ou postal. Il vous est \u00e9galement possible de configurer votre navigateur pour vous informer lors de chaque cr\u00e9ation de \u201ccookie\u201d ou pour emp\u00eacher leur enregistrement.<\/p>\n<h4 style=\"text-align: left;\"><strong>D\u00e9cret bonne gouvernance<\/strong><\/h4>\n<p style=\"text-align: left;\">A Chacun Son Logis s'engage \u00e0 respecter les principes de bonne gouvernance. \u00c0 ce titre, nous mettons \u00e0 disposition, \u00e0 notre si\u00e8ge social, les informations pr\u00e9vues par l'article L6431-1, \u00a7 1er du CDLD (Code de la D\u00e9mocratie Locale et de la D\u00e9centralisation).<\/p>\n<p>Pour plus d'informations, contactez-nous.<\/p>\n","protected":false},"excerpt":{"rendered":"<p>Principes relatifs \u00e0 la collecte de donn\u00e9es \u00e0 caract\u00e8re personnel L\u2019acc\u00e8s aux informations disponibles sur le site s\u2019op\u00e8re sans devoir fournir des donn\u00e9es \u00e0 caract\u00e8re personnel, telles que le nom, l\u2019adresse postale, le num\u00e9ro de t\u00e9l\u00e9phone et l\u2019adresse de courrier \u00e9lectronique. Responsable des traitements Le responsable des traitements de donn\u00e9es \u00e0 caract\u00e8re personnel se rapportant au pr\u00e9sent site est Monsieur&nbsp;<a href=\"https:\/\/acsl.be\/?page_id=2699\" class=\"read-more\">Lire la suite<\/a><\/p>\n","protected":false},"author":3,"featured_media":0,"parent":203,"menu_order":1,"comment_status":"closed","ping_status":"closed","template":"","meta":{"footnotes":""},"class_list":["post-2699","page","type-page","status-publish","hentry"],"_links":{"self":[{"href":"https:\/\/acsl.be\/index.php?rest_route=\/wp\/v2\/pages\/2699","targetHints":{"allow":["GET"]}}],"collection":[{"href":"https:\/\/acsl.be\/index.php?rest_route=\/wp\/v2\/pages"}],"about":[{"href":"https:\/\/acsl.be\/index.php?rest_route=\/wp\/v2\/types\/page"}],"author":[{"embeddable":true,"href":"https:\/\/acsl.be\/index.php?rest_route=\/wp\/v2\/users\/3"}],"replies":[{"embeddable":true,"href":"https:\/\/acsl.be\/index.php?rest_route=%2Fwp%2Fv2%2Fcomments&post=2699"}],"version-history":[{"count":10,"href":"https:\/\/acsl.be\/index.php?rest_route=\/wp\/v2\/pages\/2699\/revisions"}],"predecessor-version":[{"id":4060,"href":"https:\/\/acsl.be\/index.php?rest_route=\/wp\/v2\/pages\/2699\/revisions\/4060"}],"up":[{"embeddable":true,"href":"https:\/\/acsl.be\/index.php?rest_route=\/wp\/v2\/pages\/203"}],"wp:attachment":[{"href":"https:\/\/acsl.be\/index.php?rest_route=%2Fwp%2Fv2%2Fmedia&parent=2699"}],"curies":[{"name":"wp","href":"https:\/\/api.w.org\/{rel}","templated":true}]}}