{"id":2574,"date":"2018-03-01T11:14:00","date_gmt":"2018-03-01T10:14:00","guid":{"rendered":"https:\/\/www.acsl.be\/?page_id=2574"},"modified":"2018-03-01T11:40:06","modified_gmt":"2018-03-01T10:40:06","slug":"privacy-policy","status":"publish","type":"page","link":"https:\/\/acsl.be\/?page_id=2574","title":{"rendered":"Mentions L\u00e9gales"},"content":{"rendered":"<ul>\n<li><strong>Nom :<\/strong> A Chacun Son Logis<\/li>\n<li><strong>Si\u00e8ge social :\u00a0<\/strong>93 Rue de l\u2019Yser, 6183 Courcelles<\/li>\n<li><strong>Num\u00e9ro d\u2019entreprise :\u00a0<\/strong>401.634.438<\/li>\n<li><strong>Num\u00e9ro de TVA :\u00a0<\/strong>Non-assujetti<\/li>\n<li><strong>Forme juridique :\u00a0<\/strong>Soci\u00e9t\u00e9 Coop\u00e9rative \u00e0 Responsabilit\u00e9 Limit\u00e9e<\/li>\n<\/ul>\n","protected":false},"excerpt":{"rendered":"<p>Nom : A Chacun Son Logis Si\u00e8ge social :\u00a093 Rue de l\u2019Yser, 6183 Courcelles Num\u00e9ro d\u2019entreprise :\u00a0401.634.438 Num\u00e9ro de TVA :\u00a0Non-assujetti Forme juridique :\u00a0Soci\u00e9t\u00e9 Coop\u00e9rative \u00e0 Responsabilit\u00e9 Limit\u00e9e<\/p>\n","protected":false},"author":1,"featured_media":0,"parent":0,"menu_order":0,"comment_status":"closed","ping_status":"closed","template":"page-fullwidth.php","meta":{"footnotes":""},"class_list":["post-2574","page","type-page","status-publish","hentry"],"_links":{"self":[{"href":"https:\/\/acsl.be\/index.php?rest_route=\/wp\/v2\/pages\/2574","targetHints":{"allow":["GET"]}}],"collection":[{"href":"https:\/\/acsl.be\/index.php?rest_route=\/wp\/v2\/pages"}],"about":[{"href":"https:\/\/acsl.be\/index.php?rest_route=\/wp\/v2\/types\/page"}],"author":[{"embeddable":true,"href":"https:\/\/acsl.be\/index.php?rest_route=\/wp\/v2\/users\/1"}],"replies":[{"embeddable":true,"href":"https:\/\/acsl.be\/index.php?rest_route=%2Fwp%2Fv2%2Fcomments&post=2574"}],"version-history":[{"count":2,"href":"https:\/\/acsl.be\/index.php?rest_route=\/wp\/v2\/pages\/2574\/revisions"}],"predecessor-version":[{"id":2577,"href":"https:\/\/acsl.be\/index.php?rest_route=\/wp\/v2\/pages\/2574\/revisions\/2577"}],"wp:attachment":[{"href":"https:\/\/acsl.be\/index.php?rest_route=%2Fwp%2Fv2%2Fmedia&parent=2574"}],"curies":[{"name":"wp","href":"https:\/\/api.w.org\/{rel}","templated":true}]}}