{"id":2435,"date":"2018-02-02T09:13:54","date_gmt":"2018-02-02T08:13:54","guid":{"rendered":"https:\/\/www.acsl.be\/?page_id=2435"},"modified":"2026-03-05T07:42:19","modified_gmt":"2026-03-05T06:42:19","slug":"obtenir-un-logement-a-loyer-dequilibre","status":"publish","type":"page","link":"https:\/\/acsl.be\/?page_id=2435","title":{"rendered":"Obtenir un\u00a0logement \u00e0 loyer d\u2019\u00e9quilibre"},"content":{"rendered":"<p><a href=\"https:\/\/acsl.be\/wp-content\/uploads\/2026\/03\/Brochure-loyer-equilibre-vf_compressed.pdf\">Le logement \u00e0 loyer d'\u00e9quilibre<\/a><br \/>\n<iframe loading=\"lazy\" src=\"https:\/\/acsl.be\/wp-content\/uploads\/2026\/03\/Brochure-loyer-equilibre-vf_compressed.pdf\" width=\"1080\" height=\"500\" align=\"middle\"><span data-mce-type=\"bookmark\" style=\"display: inline-block; width: 0px; overflow: hidden; line-height: 0;\" class=\"mce_SELRES_start\">\ufeff<\/span><span data-mce-type=\"bookmark\" style=\"display: inline-block; width: 0px; overflow: hidden; line-height: 0;\" class=\"mce_SELRES_start\">\ufeff<\/span><span data-mce-type=\"bookmark\" style=\"display: inline-block; width: 0px; overflow: hidden; line-height: 0;\" class=\"mce_SELRES_start\"><span data-mce-type=\"bookmark\" style=\"display: inline-block; width: 0px; overflow: hidden; line-height: 0;\" class=\"mce_SELRES_start\">\ufeff<\/span>\ufeff<\/span><\/iframe><\/p>\n<h4>Conditions d'admission<\/h4>\n<p>Le m\u00e9nage candidat \u00e0 un logement \u00e0 loyer d'\u00e9quilibre doit satisfaire \u00e0 deux conditions lors de l\u2019introduction de sa demande, de la confirmation de celle-ci et au moment de l\u2019attribution d\u2019un logement :<\/p>\n<ul>\n<li>1 - Les ressources financi\u00e8res mensuelles du m\u00e9nage du candidat doivent \u00eatre sup\u00e9rieures ou \u00e9gales \u00e0 80 % du revenu d\u2019int\u00e9gration sociale, une fois diminu\u00e9es du montant du loyer hors charges :<\/li>\n<\/ul>\n<p>\u2022 au taux isol\u00e9 si le m\u00e9nage candidat est compos\u00e9 d\u2019une seule personne ;<br \/>\n\u2022 au taux \u00ab m\u00e9nage \u00bb (comprendre famille \u00e0 charge) s\u2019il est compos\u00e9 d\u2019une personne seule ou d\u2019un couple avec au moins un enfant mineur c\u00e9libataire \u00e0 charge, augment\u00e9 d\u2019un taux cohabitant par personne majeure suppl\u00e9mentaire ;<br \/>\n\u2022 au taux cohabitant multipli\u00e9 par le nombre de personnes majeures si le m\u00e9nage compte plusieurs personnes sans aucun enfant mineur c\u00e9libataire \u00e0 charge.<\/p>\n<p>Le montant actualis\u00e9 du revenu d'int\u00e9gration sociale est disponible sur le site de l'Union des Villes et Communes de Wallonie : <a href=\"https:\/\/www.uvcw.be\/aide-sociale,etudes\/liste\" target=\"_blank\" rel=\"noopener\">Voir le tableau r\u00e9capitulatif des montants<\/a><\/p>\n<ul>\n<li>2 - Le candidat ne peut pas \u00eatre propri\u00e9taire ou usufruitier d\u2019un logement, sauf s\u2019il est d\u00e9clar\u00e9 non am\u00e9liorable, inhabitable ou inadapt\u00e9 par les autorit\u00e9s comp\u00e9tentes.<\/li>\n<\/ul>\n<h4>Comment d\u00e9poser sa candidature ?<\/h4>\n<p>Vous devez imp\u00e9rativement remplir un formulaire de\u00a0candidature.<\/p>\n<p>Ce formulaire peut \u00eatre demand\u00e9 :<\/p>\n<ul>\n<li>Par t\u00e9l\u00e9phone du lundi au vendredi de 8h00 \u00e0 12h00 et de 12h30 \u00e0 16h00<\/li>\n<li>Tous les matins au si\u00e8ge de la soci\u00e9t\u00e9 pendant les heures de permanence : du lundi au vendredi entre 8h30 et 11h30<\/li>\n<li>En t\u00e9l\u00e9chargement : <a href=\"https:\/\/acsl.be\/wp-content\/uploads\/2025\/12\/2026-LE-Formulaire-COMPLET.pdf\" target=\"_blank\" rel=\"noopener noreferrer\"><u>T\u00e9l\u00e9chargez le formulaire d'inscription<\/u><\/a><\/li>\n<\/ul>\n<p><b>En cas d\u2019envoi par email : Veuillez envoyer vos documents en pi\u00e8ces jointes au format PDF uniquement.<\/b><\/p>\n<h4>Plus d\u2019infos concernant le dossier de candidature ?<\/h4>\n<ul>\n<li><strong>T\u00e9l.\u00a0:<\/strong> 071 46 63 03<\/li>\n<li><strong>E-mail\u00a0:<\/strong> <a href=\"mailto:info@acsl.be\">info@acsl.be<\/a><\/li>\n<\/ul>\n","protected":false},"excerpt":{"rendered":"<p>Le logement \u00e0 loyer d'\u00e9quilibre \ufeff\ufeff\ufeff\ufeff Conditions d'admission Le m\u00e9nage candidat \u00e0 un logement \u00e0 loyer d'\u00e9quilibre doit satisfaire \u00e0 deux conditions lors de l\u2019introduction de sa demande, de la confirmation de celle-ci et au moment de l\u2019attribution d\u2019un logement : 1 - Les ressources financi\u00e8res mensuelles du m\u00e9nage du candidat doivent \u00eatre sup\u00e9rieures ou \u00e9gales \u00e0 80 % du&nbsp;<a href=\"https:\/\/acsl.be\/?page_id=2435\" class=\"read-more\">Lire la suite<\/a><\/p>\n","protected":false},"author":1,"featured_media":0,"parent":2593,"menu_order":0,"comment_status":"closed","ping_status":"closed","template":"page-fullwidth.php","meta":{"footnotes":""},"class_list":["post-2435","page","type-page","status-publish","hentry"],"_links":{"self":[{"href":"https:\/\/acsl.be\/index.php?rest_route=\/wp\/v2\/pages\/2435","targetHints":{"allow":["GET"]}}],"collection":[{"href":"https:\/\/acsl.be\/index.php?rest_route=\/wp\/v2\/pages"}],"about":[{"href":"https:\/\/acsl.be\/index.php?rest_route=\/wp\/v2\/types\/page"}],"author":[{"embeddable":true,"href":"https:\/\/acsl.be\/index.php?rest_route=\/wp\/v2\/users\/1"}],"replies":[{"embeddable":true,"href":"https:\/\/acsl.be\/index.php?rest_route=%2Fwp%2Fv2%2Fcomments&post=2435"}],"version-history":[{"count":78,"href":"https:\/\/acsl.be\/index.php?rest_route=\/wp\/v2\/pages\/2435\/revisions"}],"predecessor-version":[{"id":4040,"href":"https:\/\/acsl.be\/index.php?rest_route=\/wp\/v2\/pages\/2435\/revisions\/4040"}],"up":[{"embeddable":true,"href":"https:\/\/acsl.be\/index.php?rest_route=\/wp\/v2\/pages\/2593"}],"wp:attachment":[{"href":"https:\/\/acsl.be\/index.php?rest_route=%2Fwp%2Fv2%2Fmedia&parent=2435"}],"curies":[{"name":"wp","href":"https:\/\/api.w.org\/{rel}","templated":true}]}}