{"id":2434,"date":"2018-02-02T09:14:06","date_gmt":"2018-02-02T08:14:06","guid":{"rendered":"https:\/\/www.acsl.be\/?page_id=2434"},"modified":"2025-12-23T10:15:12","modified_gmt":"2025-12-23T09:15:12","slug":"obtenir-un-logement-social","status":"publish","type":"page","link":"https:\/\/acsl.be\/?page_id=2434","title":{"rendered":"Obtenir un logement social"},"content":{"rendered":"<p><iframe loading=\"lazy\" width=\"560\" height=\"315\" src=\"https:\/\/www.youtube.com\/embed\/xNib_jdA9ig?si=DJlWeCflVWiCU8Xx\" title=\"YouTube video player\" frameborder=\"0\" allow=\"accelerometer; autoplay; clipboard-write; encrypted-media; gyroscope; picture-in-picture; web-share\" referrerpolicy=\"strict-origin-when-cross-origin\" allowfullscreen><\/iframe><\/p>\n<h4>Conditions d'admission<\/h4>\n<p>Le\u00a0<strong>candidat-locataire<\/strong>\u00a0doit satisfaire \u00e0\u00a0<strong>deux conditions<\/strong>\u00a0lors de l\u2019introduction de sa demande, de la confirmation de celle-ci et au moment de l\u2019attribution d\u2019un logement :<\/p>\n<ul>\n<li>Les revenus annuels imposables du candidat-locataire ne peuvent d\u00e9passer le plafond de revenus pr\u00e9vu par la l\u00e9gislation. Vous pouvez consulter ce plafond sur le site internet de la Soci\u00e9t\u00e9 Wallonne du Logement : <a href=\"https:\/\/www.swl.be\/accueil-particulier\/louer.html\" rel=\"noopener\" target=\"_blank\">Etre candidat \u00e0 un logement public<\/a><\/li>\n<li>Le candidat-locataire ne peut pas \u00eatre propri\u00e9taire ou usufruitier d\u2019un logement, sauf s\u2019il est d\u00e9clar\u00e9 non am\u00e9liorable, inhabitable ou inadapt\u00e9 par les autorit\u00e9s comp\u00e9tentes.<\/li>\n<\/ul>\n<p><strong>Les revenus de l\u2019enfant c\u00e9libataire \u00e2g\u00e9 de moins de 18 ans ne sont pas pris en consid\u00e9ration.<\/strong><\/p>\n<p>Revenus pris en consid\u00e9ration \u00e0 50 %\u00a0:<\/p>\n<ul>\n<li>Les revenus de l\u2019enfant c\u00e9libataire \u00e2g\u00e9 de plus de 18 ans et de moins de 25 ans.<\/li>\n<li>Les revenus de l\u2019ascendant pensionn\u00e9.<\/li>\n<li>Les revenus de l\u2019ascendant, du descendant ou du collat\u00e9ral handicap\u00e9.<\/li>\n<\/ul>\n<p><a href=\"https:\/\/acsl.be\/wp-content\/uploads\/2024\/12\/BROCHURE-SWL-2025.pdf\" target=\"_blank\" rel=\"noopener noreferrer\"><u>Consultez la brochure de la SWL<\/u><\/a><\/p>\n<hr \/>\n<h4>Comment d\u00e9poser sa candidature ?<\/h4>\n<p>Vous devez imp\u00e9rativement remplir un formulaire de\u00a0<strong>candidature unique<\/strong>. Le caract\u00e8re \u00ab unique \u00bb de votre demande signifie concr\u00e8tement que vous pouvez \u00e9galement vous porter candidat pour des logements sociaux situ\u00e9s sur un autre\u00a0<strong>territoire<\/strong>\u00a0que celui\u00a0<strong>couvert<\/strong>\u00a0par<strong>\u00a0A Chacun son Logis<\/strong>. A Chacun son Logis sera votre soci\u00e9t\u00e9 de r\u00e9f\u00e9rence et transmettra \u00e9galement votre candidature aux autres soci\u00e9t\u00e9s de logement concern\u00e9es.<\/p>\n<p>Ce formulaire peut \u00eatre demand\u00e9 :<\/p>\n<ul>\n<li>Par t\u00e9l\u00e9phone :\u00a0<a href=\"tel:+3271452624\">+32 71 45 26 24<\/a> \u2013 Touche 2 pour le service Candidat locataire<\/li>\n<li>Tous les matins au si\u00e8ge de la soci\u00e9t\u00e9<\/li>\n<li><a href=\"https:\/\/acsl.be\/wp-content\/uploads\/2025\/12\/2026-LS-Formulaire-COMPLET.pdf\" target=\"_blank\" rel=\"noopener noreferrer\"><u>T\u00e9l\u00e9chargez le formulaire d'inscription<\/u><\/a><\/li>\n<\/ul>\n<p>En plus de votre demande de location, vous devez transmettre une s\u00e9rie de documents attestant de votre\u00a0<strong>situation familiale<\/strong>\u00a0et\u00a0<strong>financi\u00e8re<\/strong>\u00a0<a href=\"https:\/\/wallex.wallonie.be\/eli\/arrete\/2007\/09\/06\/2007203285\/2024\/10\/01\">conform\u00e9ment \u00e0 l\u2019Arr\u00eat\u00e9 du Gouvernement wallon du 06\/09\/2007<\/a>.<\/p>\n<p>Le formulaire de demande accompagn\u00e9 de ses annexes peut nous \u00eatre transmis par\u00a0<strong>courrier.<\/strong>\u00a0Toutefois, afin d\u2019examiner ensemble le caract\u00e8re complet et exact de votre demande, nous vous\u00a0<strong>recommandons<\/strong>\u00a0de venir nous la\u00a0<strong>d\u00e9poser personnellement<\/strong>.<\/p>\n<p><b>En cas d\u2019envoi par email : Veuillez envoyer vos documents en pi\u00e8ces jointes au format PDF uniquement.<\/b><\/p>\n<p>D\u00e8s que votre\u00a0<strong>demande<\/strong>\u00a0sera\u00a0<strong>compl\u00e8te,<\/strong>\u00a0vous recevrez un num\u00e9ro de dossier. Celui-ci confirme votre inscription en tant que candidat locataire. Votre demande sera prise en compte en fonction\u00a0:<\/p>\n<ul>\n<li>des logements disponibles.<\/li>\n<li>de votre composition de famille.<\/li>\n<li>des points de priorit\u00e9.<\/li>\n<\/ul>\n<p>Dans l\u2019attente de l\u2019attribution d\u2019un logement, il est important d\u2019informer notre soci\u00e9t\u00e9 de tout changement \u00e9ventuel de la composition de famille. Certains changements peuvent en effet vous permettre de b\u00e9n\u00e9ficier de points de priorit\u00e9 suppl\u00e9mentaires.<\/p>\n<p>Enfin, il est\u00a0<strong>indispensable<\/strong>\u00a0de\u00a0<strong>renouveler votre demande tous les ans<\/strong>, dans le courant du mois de janvier. Sans confirmation de candidature, votre dossier ne sera plus pris en consid\u00e9ration.<\/p>\n<hr \/>\n<h4>L\u2019attribution<\/h4>\n<p>Conform\u00e9ment \u00e0 la l\u00e9gislation, le\u00a0<strong>Comit\u00e9 d\u2019attribution<\/strong>\u00a0d\u00e9signe les nouveaux locataires en fonction des<strong>\u00a0points de priorit\u00e9<\/strong>.<\/p>\n<p>La personne d\u00e9sign\u00e9e est alors convoqu\u00e9e \u00e0 un \u00e9tat des lieux. Elle signera ensuite son\u00a0<strong>contrat de bail<\/strong>\u00a0et le\u00a0<strong>r\u00e8glement d\u2019ordre int\u00e9rieur<\/strong>.<\/p>\n<p>Tout second refus d\u2019une attribution d'un logement entra\u00eene la\u00a0<strong>radiation<\/strong>\u00a0de la\u00a0<strong>candidature<\/strong>\u00a0et l'interdiction d'une nouvelle inscription end\u00e9ans les six mois.<\/p>\n<p>&nbsp;<\/p>\n","protected":false},"excerpt":{"rendered":"<p>Conditions d'admission Le\u00a0candidat-locataire\u00a0doit satisfaire \u00e0\u00a0deux conditions\u00a0lors de l\u2019introduction de sa demande, de la confirmation de celle-ci et au moment de l\u2019attribution d\u2019un logement : Les revenus annuels imposables du candidat-locataire ne peuvent d\u00e9passer le plafond de revenus pr\u00e9vu par la l\u00e9gislation. Vous pouvez consulter ce plafond sur le site internet de la Soci\u00e9t\u00e9 Wallonne du Logement : Etre candidat \u00e0&nbsp;<a href=\"https:\/\/acsl.be\/?page_id=2434\" class=\"read-more\">Lire la suite<\/a><\/p>\n","protected":false},"author":1,"featured_media":0,"parent":2593,"menu_order":0,"comment_status":"closed","ping_status":"closed","template":"page-fullwidth.php","meta":{"footnotes":""},"class_list":["post-2434","page","type-page","status-publish","hentry"],"_links":{"self":[{"href":"https:\/\/acsl.be\/index.php?rest_route=\/wp\/v2\/pages\/2434","targetHints":{"allow":["GET"]}}],"collection":[{"href":"https:\/\/acsl.be\/index.php?rest_route=\/wp\/v2\/pages"}],"about":[{"href":"https:\/\/acsl.be\/index.php?rest_route=\/wp\/v2\/types\/page"}],"author":[{"embeddable":true,"href":"https:\/\/acsl.be\/index.php?rest_route=\/wp\/v2\/users\/1"}],"replies":[{"embeddable":true,"href":"https:\/\/acsl.be\/index.php?rest_route=%2Fwp%2Fv2%2Fcomments&post=2434"}],"version-history":[{"count":30,"href":"https:\/\/acsl.be\/index.php?rest_route=\/wp\/v2\/pages\/2434\/revisions"}],"predecessor-version":[{"id":4019,"href":"https:\/\/acsl.be\/index.php?rest_route=\/wp\/v2\/pages\/2434\/revisions\/4019"}],"up":[{"embeddable":true,"href":"https:\/\/acsl.be\/index.php?rest_route=\/wp\/v2\/pages\/2593"}],"wp:attachment":[{"href":"https:\/\/acsl.be\/index.php?rest_route=%2Fwp%2Fv2%2Fmedia&parent=2434"}],"curies":[{"name":"wp","href":"https:\/\/api.w.org\/{rel}","templated":true}]}}