{"id":2284,"date":"2018-01-19T13:52:47","date_gmt":"2018-01-19T12:52:47","guid":{"rendered":"https:\/\/www.acsl.be\/?page_id=2284"},"modified":"2026-04-15T10:39:07","modified_gmt":"2026-04-15T08:39:07","slug":"acheter-un-logement-public","status":"publish","type":"page","link":"https:\/\/acsl.be\/?page_id=2284","title":{"rendered":"Logements \u00e0 vendre : Informations g\u00e9n\u00e9rales"},"content":{"rendered":"<h4><strong>Logements \u00e0 vendre : Informations g\u00e9n\u00e9rales<\/strong><\/h4>\n<p>Sur d\u00e9cision du Conseil d\u2019Administration, \u00ab\u00a0A Chacun Son Logis\u00a0\u00bb peut vendre certains de ses logements.<\/p>\n<p>Le prix de mise en vente ne peut \u00eatre inf\u00e9rieur \u00e0 l\u2019estimation de prix qui est \u00e9tablie par le notaire, le receveur de l\u2019enregistrement ou par le comit\u00e9 d\u2019acquisition d\u2019immeubles. Il sera vendu au prix du march\u00e9.<\/p>\n<p>Dans le cas o\u00f9 plusieurs candidats \u00e0 l\u2019achat d\u00e9posent une offre pour un m\u00eame logement, la vente sera consentie selon l\u2019ordre de priorit\u00e9 suivant\u00a0:<\/p>\n<ol>\n<li>au locataire d\u2019A Chacun Son Logis ;<\/li>\n<li>au candidat locataire d\u2019A Chacun Son Logis inscrit au 31 d\u00e9cembre 2023 ;<\/li>\n<li>au locataire d\u2019une autre soci\u00e9t\u00e9 de logement ;<\/li>\n<li>au candidat locataire d\u2019une autre soci\u00e9t\u00e9 de logement social inscrit au 31 d\u00e9cembre 2023 ;<br \/>\nLes acqu\u00e9reurs pr\u00e9cit\u00e9s aux points 1-2-3-4 :<br \/>\n- ne peuvent \u00eatre propri\u00e9taires ou usufruitiers de la totalit\u00e9 d\u2019un autre logement<br \/>\n- devront fournir lors de leur remise d\u2019offre, la preuve de l\u2019inscription en tant que candidat ou en tant que locataire, et le titre de non-propri\u00e9t\u00e9<\/li>\n<li>\u00e0 toute autre personne physique ou morale, de droit priv\u00e9.<\/li>\n<\/ol>\n<p>Toutefois, au sein d\u2019une m\u00eame cat\u00e9gorie de candidats \u00e0 l\u2019achat, le candidat ayant remis l\u2019offre la plus \u00e9lev\u00e9e l\u2019emportera.<\/p>\n<p>Veuillez prendre connaissance du cahier des charges, clauses et conditions g\u00e9n\u00e9rales. <a href=\"https:\/\/acsl.be\/wp-content\/uploads\/2024\/02\/Cahier_des_Charges_Ventes_SWL.pdf\" target=\"_blank\" rel=\"noopener noreferrer\"><u>Cliquez ici\u00a0<\/u><\/a><\/p>\n<p>Pour pouvoir acqu\u00e9rir un logement social, le candidat-acqu\u00e9reur n'est pas limit\u00e9 dans le montant de ses revenus.<\/p>\n<p>Toutefois, afin de b\u00e9n\u00e9ficier de la prime \u00e0 l'acquisition, les locataires occupants, les locataires ou candidats-locataires aupr\u00e8s d'une soci\u00e9t\u00e9 de logement, ne peuvent \u00eatre propri\u00e9taires d'un autre logement (clause de non-propri\u00e9t\u00e9 pr\u00e9vue dans le cahier des charges annex\u00e9 \u00e0 l'acte de cession).<\/p>\n<p>Si les revenus du candidat-acqu\u00e9reur d\u00e9passent les montants maximums des revenus pour l'obtention de la prime \u00e0 l\u2019achat, le candidat-acqu\u00e9reur n'obtiendra pas cette prime, ni les droits d'enregistrement \u00e0 0%, ni la r\u00e9duction des frais de notaire.<\/p>\n<p>Pour plus de renseignements : <a href=\"https:\/\/logement.wallonie.be\/fr\/aide\/prime-acquisition\" target=\"_blank\" rel=\"noopener noreferrer\"><u>cliquez ici<\/u><\/a><\/p>\n","protected":false},"excerpt":{"rendered":"<p>Logements \u00e0 vendre : Informations g\u00e9n\u00e9rales Sur d\u00e9cision du Conseil d\u2019Administration, \u00ab\u00a0A Chacun Son Logis\u00a0\u00bb peut vendre certains de ses logements. Le prix de mise en vente ne peut \u00eatre inf\u00e9rieur \u00e0 l\u2019estimation de prix qui est \u00e9tablie par le notaire, le receveur de l\u2019enregistrement ou par le comit\u00e9 d\u2019acquisition d\u2019immeubles. Il sera vendu au prix du march\u00e9. Dans le&nbsp;<a href=\"https:\/\/acsl.be\/?page_id=2284\" class=\"read-more\">Lire la suite<\/a><\/p>\n","protected":false},"author":1,"featured_media":0,"parent":0,"menu_order":0,"comment_status":"closed","ping_status":"closed","template":"page-fullwidth.php","meta":{"footnotes":""},"class_list":["post-2284","page","type-page","status-publish","hentry"],"_links":{"self":[{"href":"https:\/\/acsl.be\/index.php?rest_route=\/wp\/v2\/pages\/2284","targetHints":{"allow":["GET"]}}],"collection":[{"href":"https:\/\/acsl.be\/index.php?rest_route=\/wp\/v2\/pages"}],"about":[{"href":"https:\/\/acsl.be\/index.php?rest_route=\/wp\/v2\/types\/page"}],"author":[{"embeddable":true,"href":"https:\/\/acsl.be\/index.php?rest_route=\/wp\/v2\/users\/1"}],"replies":[{"embeddable":true,"href":"https:\/\/acsl.be\/index.php?rest_route=%2Fwp%2Fv2%2Fcomments&post=2284"}],"version-history":[{"count":66,"href":"https:\/\/acsl.be\/index.php?rest_route=\/wp\/v2\/pages\/2284\/revisions"}],"predecessor-version":[{"id":4070,"href":"https:\/\/acsl.be\/index.php?rest_route=\/wp\/v2\/pages\/2284\/revisions\/4070"}],"wp:attachment":[{"href":"https:\/\/acsl.be\/index.php?rest_route=%2Fwp%2Fv2%2Fmedia&parent=2284"}],"curies":[{"name":"wp","href":"https:\/\/api.w.org\/{rel}","templated":true}]}}