{"id":2244,"date":"2018-01-19T11:47:26","date_gmt":"2018-01-19T10:47:26","guid":{"rendered":"https:\/\/www.acsl.be\/?page_id=2244"},"modified":"2024-10-17T09:13:22","modified_gmt":"2024-10-17T07:13:22","slug":"le-contrat-de-bail-le-reglement-dordre-interieur-et-letat-des-lieux","status":"publish","type":"page","link":"https:\/\/acsl.be\/?page_id=2244","title":{"rendered":"Le contrat de bail, le R\u00e8glement d\u2019Ordre Int\u00e9rieur et l\u2019\u00e9tat des lieux"},"content":{"rendered":"<h4>Le contrat de bail<\/h4>\n<p>Le <strong>contrat<\/strong> de <strong>bail r\u00e9pertorie vos droits<\/strong> et <strong>obligations<\/strong> en tant que <strong>locataire,<\/strong> ainsi que <strong>nos droits<\/strong> et <strong>obligations<\/strong> en tant que <strong>propri\u00e9taires.<\/strong> Ce document nous engage mutuellement. Lisez-le attentivement et conservez-le soigneusement. <a href=\"https:\/\/www.acsl.be\/wp-content\/uploads\/2018\/01\/Contrat-type-de-bail.pdf\" target=\"_blank\" rel=\"noopener\">T\u00e9l\u00e9chargez le contrat de bail<\/a><\/p>\n<h4>Le r\u00e8glement d'ordre int\u00e9rieur<\/h4>\n<p>Le locataire est tenu de se conformer aux dispositions du <strong>R\u00e8glement d\u2019Ordre Int\u00e9rieur et de la Charte des locataires,<\/strong> dont un exemplaire est annex\u00e9 au bail. <a href=\"https:\/\/www.acsl.be\/wp-content\/uploads\/2018\/01\/Chartre-des-locataires.pdf\" target=\"_blank\" rel=\"noopener\">T\u00e9l\u00e9chargez la Charte des locataires<\/a>\u00a0et <a href=\"https:\/\/acsl.be\/wp-content\/uploads\/2024\/10\/ROI-ACSL.pdf\" target=\"_blank\" rel=\"noopener\">T\u00e9l\u00e9chargez le R\u00e8glement d\u2019Ordre Int\u00e9rieur.<\/a><\/p>\n<h4>L'\u00e9tat des lieux<\/h4>\n<p>L\u2019\u00e9tat des lieux \u00e9tabli et sign\u00e9 \u00e0 votre <strong>entr\u00e9e<\/strong> dans le <strong>logement<\/strong> doit \u00eatre \u00e9galement soigneusement conserv\u00e9. Il t\u00e9moignera, lorsque vous quitterez votre logement, de l\u2019\u00e9tat dans lequel il se trouvait \u00e0 votre arriv\u00e9e et permettra de d\u00e9terminer les r\u00e9parations dont le co\u00fbt vous incombe.<\/p>\n","protected":false},"excerpt":{"rendered":"<p>Le contrat de bail Le contrat de bail r\u00e9pertorie vos droits et obligations en tant que locataire, ainsi que nos droits et obligations en tant que propri\u00e9taires. Ce document nous engage mutuellement. Lisez-le attentivement et conservez-le soigneusement. T\u00e9l\u00e9chargez le contrat de bail Le r\u00e8glement d'ordre int\u00e9rieur Le locataire est tenu de se conformer aux dispositions du R\u00e8glement d\u2019Ordre Int\u00e9rieur et&nbsp;<a href=\"https:\/\/acsl.be\/?page_id=2244\" class=\"read-more\">Lire la suite<\/a><\/p>\n","protected":false},"author":1,"featured_media":0,"parent":2051,"menu_order":0,"comment_status":"closed","ping_status":"closed","template":"page-fullwidth.php","meta":{"footnotes":""},"class_list":["post-2244","page","type-page","status-publish","hentry"],"_links":{"self":[{"href":"https:\/\/acsl.be\/index.php?rest_route=\/wp\/v2\/pages\/2244","targetHints":{"allow":["GET"]}}],"collection":[{"href":"https:\/\/acsl.be\/index.php?rest_route=\/wp\/v2\/pages"}],"about":[{"href":"https:\/\/acsl.be\/index.php?rest_route=\/wp\/v2\/types\/page"}],"author":[{"embeddable":true,"href":"https:\/\/acsl.be\/index.php?rest_route=\/wp\/v2\/users\/1"}],"replies":[{"embeddable":true,"href":"https:\/\/acsl.be\/index.php?rest_route=%2Fwp%2Fv2%2Fcomments&post=2244"}],"version-history":[{"count":8,"href":"https:\/\/acsl.be\/index.php?rest_route=\/wp\/v2\/pages\/2244\/revisions"}],"predecessor-version":[{"id":3809,"href":"https:\/\/acsl.be\/index.php?rest_route=\/wp\/v2\/pages\/2244\/revisions\/3809"}],"up":[{"embeddable":true,"href":"https:\/\/acsl.be\/index.php?rest_route=\/wp\/v2\/pages\/2051"}],"wp:attachment":[{"href":"https:\/\/acsl.be\/index.php?rest_route=%2Fwp%2Fv2%2Fmedia&parent=2244"}],"curies":[{"name":"wp","href":"https:\/\/api.w.org\/{rel}","templated":true}]}}