{"id":2242,"date":"2018-01-19T11:39:31","date_gmt":"2018-01-19T10:39:31","guid":{"rendered":"https:\/\/www.acsl.be\/?page_id=2242"},"modified":"2018-01-19T12:02:03","modified_gmt":"2018-01-19T11:02:03","slug":"garantie-locative","status":"publish","type":"page","link":"https:\/\/acsl.be\/?page_id=2242","title":{"rendered":"Garantie locative"},"content":{"rendered":"<p>A la <strong>signature<\/strong> du <strong>contrat<\/strong> de <strong>bail,<\/strong> vous avez vers\u00e9 votre <strong>garantie locative.<\/strong> Le montant de votre garantie est <strong>bloqu\u00e9<\/strong> sur un <strong>compte productif d\u2019int\u00e9r\u00eats<\/strong> aupr\u00e8s de la Soci\u00e9t\u00e9 Wallonne du Logement. Il vous sera <strong>restitu\u00e9 apr\u00e8s<\/strong> votre <strong>d\u00e9part,<\/strong> d\u00e9duction faite des \u00e9ventuelles sommes restant dues.<\/p>\n","protected":false},"excerpt":{"rendered":"<p>A la signature du contrat de bail, vous avez vers\u00e9 votre garantie locative. Le montant de votre garantie est bloqu\u00e9 sur un compte productif d\u2019int\u00e9r\u00eats aupr\u00e8s de la Soci\u00e9t\u00e9 Wallonne du Logement. Il vous sera restitu\u00e9 apr\u00e8s votre d\u00e9part, d\u00e9duction faite des \u00e9ventuelles sommes restant dues.<\/p>\n","protected":false},"author":1,"featured_media":0,"parent":2051,"menu_order":0,"comment_status":"closed","ping_status":"closed","template":"page-fullwidth.php","meta":{"footnotes":""},"class_list":["post-2242","page","type-page","status-publish","hentry"],"_links":{"self":[{"href":"https:\/\/acsl.be\/index.php?rest_route=\/wp\/v2\/pages\/2242","targetHints":{"allow":["GET"]}}],"collection":[{"href":"https:\/\/acsl.be\/index.php?rest_route=\/wp\/v2\/pages"}],"about":[{"href":"https:\/\/acsl.be\/index.php?rest_route=\/wp\/v2\/types\/page"}],"author":[{"embeddable":true,"href":"https:\/\/acsl.be\/index.php?rest_route=\/wp\/v2\/users\/1"}],"replies":[{"embeddable":true,"href":"https:\/\/acsl.be\/index.php?rest_route=%2Fwp%2Fv2%2Fcomments&post=2242"}],"version-history":[{"count":1,"href":"https:\/\/acsl.be\/index.php?rest_route=\/wp\/v2\/pages\/2242\/revisions"}],"predecessor-version":[{"id":2243,"href":"https:\/\/acsl.be\/index.php?rest_route=\/wp\/v2\/pages\/2242\/revisions\/2243"}],"up":[{"embeddable":true,"href":"https:\/\/acsl.be\/index.php?rest_route=\/wp\/v2\/pages\/2051"}],"wp:attachment":[{"href":"https:\/\/acsl.be\/index.php?rest_route=%2Fwp%2Fv2%2Fmedia&parent=2242"}],"curies":[{"name":"wp","href":"https:\/\/api.w.org\/{rel}","templated":true}]}}