{"id":2211,"date":"2018-01-19T10:46:54","date_gmt":"2018-01-19T09:46:54","guid":{"rendered":"https:\/\/www.acsl.be\/?page_id=2211"},"modified":"2026-04-14T15:10:35","modified_gmt":"2026-04-14T13:10:35","slug":"le-patrimoine","status":"publish","type":"page","link":"https:\/\/acsl.be\/?page_id=2211","title":{"rendered":"Patrimoine"},"content":{"rendered":"<p>La soci\u00e9t\u00e9 poss\u00e8de <strong>1014 logements<\/strong>, tous situ\u00e9s dans l'entit\u00e9 de <strong>COURCELLES<\/strong>, dans les anciennes communes de\u00a0<strong>COURCELLES<\/strong>,\u00a0<strong>TRAZEGNIES\u00a0<\/strong>et <strong>SOUVRET<\/strong>.<\/p>\n<p>Ces logements sont principalement r\u00e9partis sur 13 sites :<\/p>\n<ul>\n<li>Place Ransy (Courcelles)<\/li>\n<li>Cit\u00e9 Druine (Courcelles)<\/li>\n<li>Cit\u00e9 Renard (Courcelles)<\/li>\n<li>Rue Mendiaux (Courcelles)<\/li>\n<li>Cit\u00e9 Gu\u00e9m\u00e9n\u00e9 (Courcelles)<\/li>\n<li>Cit\u00e9 Th\u00f4ne (Courcelles)<\/li>\n<li>Rue de Chapelle (Trazegnies)<\/li>\n<li>Cit\u00e9 de la Marche (Trazegnies)<\/li>\n<li>Quartier du Butia-Fastoumont (Trazegnies)<\/li>\n<li>Cit\u00e9 St. Joseph (Trazegnies)<\/li>\n<li>Cit\u00e9 Beno\u00eete-Epine (Trazegnies)<\/li>\n<li>Cit\u00e9 Delattre (Trazegnies)<\/li>\n<li>Cit\u00e9 de l'Avenir (Souvret)<\/li>\n<\/ul>\n<p><strong>Vous trouverez ci-dessous la liste des projets immobiliers en cours :<\/strong><\/p>\n<ul>\n<li><strong>Plan de r\u00e9novation : <a href=\"http:\/\/acsl.be\/?p=3452\">Lien vers notre article<\/a><\/strong><\/li>\n<\/ul>\n","protected":false},"excerpt":{"rendered":"<p>La soci\u00e9t\u00e9 poss\u00e8de 1014 logements, tous situ\u00e9s dans l'entit\u00e9 de COURCELLES, dans les anciennes communes de\u00a0COURCELLES,\u00a0TRAZEGNIES\u00a0et SOUVRET. Ces logements sont principalement r\u00e9partis sur 13 sites : Place Ransy (Courcelles) Cit\u00e9 Druine (Courcelles) Cit\u00e9 Renard (Courcelles) Rue Mendiaux (Courcelles) Cit\u00e9 Gu\u00e9m\u00e9n\u00e9 (Courcelles) Cit\u00e9 Th\u00f4ne (Courcelles) Rue de Chapelle (Trazegnies) Cit\u00e9 de la Marche (Trazegnies) Quartier du Butia-Fastoumont (Trazegnies) Cit\u00e9 St. Joseph&nbsp;<a href=\"https:\/\/acsl.be\/?page_id=2211\" class=\"read-more\">Lire la suite<\/a><\/p>\n","protected":false},"author":1,"featured_media":0,"parent":2072,"menu_order":0,"comment_status":"closed","ping_status":"closed","template":"page-fullwidth.php","meta":{"footnotes":""},"class_list":["post-2211","page","type-page","status-publish","hentry"],"_links":{"self":[{"href":"https:\/\/acsl.be\/index.php?rest_route=\/wp\/v2\/pages\/2211","targetHints":{"allow":["GET"]}}],"collection":[{"href":"https:\/\/acsl.be\/index.php?rest_route=\/wp\/v2\/pages"}],"about":[{"href":"https:\/\/acsl.be\/index.php?rest_route=\/wp\/v2\/types\/page"}],"author":[{"embeddable":true,"href":"https:\/\/acsl.be\/index.php?rest_route=\/wp\/v2\/users\/1"}],"replies":[{"embeddable":true,"href":"https:\/\/acsl.be\/index.php?rest_route=%2Fwp%2Fv2%2Fcomments&post=2211"}],"version-history":[{"count":18,"href":"https:\/\/acsl.be\/index.php?rest_route=\/wp\/v2\/pages\/2211\/revisions"}],"predecessor-version":[{"id":4063,"href":"https:\/\/acsl.be\/index.php?rest_route=\/wp\/v2\/pages\/2211\/revisions\/4063"}],"up":[{"embeddable":true,"href":"https:\/\/acsl.be\/index.php?rest_route=\/wp\/v2\/pages\/2072"}],"wp:attachment":[{"href":"https:\/\/acsl.be\/index.php?rest_route=%2Fwp%2Fv2%2Fmedia&parent=2211"}],"curies":[{"name":"wp","href":"https:\/\/api.w.org\/{rel}","templated":true}]}}